{"id":395,"date":"2002-01-11T13:45:11","date_gmt":"2002-01-11T11:45:11","guid":{"rendered":"http:\/\/iscariot.dnsalias.com\/tbt\/?page_id=395"},"modified":"2014-05-12T13:56:12","modified_gmt":"2014-05-12T11:56:12","slug":"intro","status":"publish","type":"page","link":"https:\/\/hangingstars.com\/tbt\/intro\/","title":{"rendered":"intro"},"content":{"rendered":"<div id=\"fb-root\"><\/div>\n<p>Se abre el tel\u00f3n. El p\u00fablico acaba de ocupar sus asientos y se dispone a disfrutar de la actuaci\u00f3n. Un gran foco ilumina el escenario. De pronto aparezco yo, me quito el sombrero hago esa reverencia que tantas veces he ensayado y empiezo el discurso:<\/p>\n<p>&#8211; Damas y caballeros, bienvenidos a the beloved truths. Si lo desean pueden acercarse m\u00e1s al escenario, quedan sillas libres en primera fila, donde podr\u00e1n contar cuantos empastes tengo con mayor facilidad.<\/p>\n<p>Unas risas forzadas se oyen al fondo\u2026<\/p>\n<p>&#8211; Bien, esta breve introducci\u00f3n es s\u00f3lo para presentarles esta nueva versi\u00f3n de la obra. Como pueden ver, se ha convertido en un weblog, t\u00e9rmino que para los no iniciados podr\u00eda traducirse por \u201cdiario en la web\u201d o algo parecido. Si quieren pueden encontrar mucha m\u00e1s informaci\u00f3n aqu\u00ed al lado (<a target=\"_blank\" href=\"http:\/\/www.bitacoras.net\/\">bit\u00e1coras<\/a>). De todas formas, algunas de las secciones que aparec\u00edan en la primera versi\u00f3n han sido repuestas para el disfrute (o no) del distinguido p\u00fablico que nos acompa\u00f1a. Recuerden que al fondo a la derecha tienen un buz\u00f3n en el que dejar sus comentarios o quejas. Les aseguro que no caer\u00e1n en saco roto. Desde aqu\u00ed mi agradecimiento a las personas que han hecho esto posible: a <a target=\"_blank\" href=\"http:\/\/www.guepardos.com\/\">ivanin<\/a> por descubrirme este apasionante mundo y ayudarme cuando no sab\u00eda como montar el escenario y a porcelina, por ser mi conejillo de indias favorito\u2026 :) Adem\u00e1s existen otras muchas personas que quiz\u00e1s vayan conociendo durante el transcurso de esta interminable obra. Muchas gracias a todos por su presencia y espero que les guste la funci\u00f3n.<\/p>\n<p>Me retiro del halo de luz y algunos aplausos inconexos suenan en la sala\u2026<\/p>\n","protected":false},"excerpt":{"rendered":"<p>Se abre el tel\u00f3n. El p\u00fablico acaba de ocupar sus asientos y se dispone a disfrutar de la actuaci\u00f3n. Un gran foco ilumina el escenario. De pronto aparezco yo, me quito el sombrero hago esa reverencia que tantas veces he ensayado y empiezo el discurso: &#8211; Damas y caballeros, bienvenidos a the beloved truths. Si [&hellip;]<\/p>\n","protected":false},"author":1,"featured_media":0,"parent":0,"menu_order":0,"comment_status":"closed","ping_status":"closed","template":"","meta":{"_exactmetrics_skip_tracking":false,"_exactmetrics_sitenote_active":false,"_exactmetrics_sitenote_note":"","_exactmetrics_sitenote_category":0,"footnotes":""},"class_list":["post-395","page","type-page","status-publish","hentry"],"yoast_head":"<!-- This site is optimized with the Yoast SEO plugin v26.6 - https:\/\/yoast.com\/wordpress\/plugins\/seo\/ -->\n<title>intro - the beloved truths<\/title>\n<meta name=\"robots\" content=\"index, follow, max-snippet:-1, max-image-preview:large, max-video-preview:-1\" \/>\n<link rel=\"canonical\" href=\"https:\/\/hangingstars.com\/tbt\/intro\/\" \/>\n<meta property=\"og:locale\" content=\"es_ES\" \/>\n<meta property=\"og:type\" content=\"article\" \/>\n<meta property=\"og:title\" content=\"intro - the beloved truths\" \/>\n<meta property=\"og:description\" content=\"Se abre el tel\u00f3n. El p\u00fablico acaba de ocupar sus asientos y se dispone a disfrutar de la actuaci\u00f3n. Un gran foco ilumina el escenario. De pronto aparezco yo, me quito el sombrero hago esa reverencia que tantas veces he ensayado y empiezo el discurso: &#8211; Damas y caballeros, bienvenidos a the beloved truths. Si [&hellip;]\" \/>\n<meta property=\"og:url\" content=\"https:\/\/hangingstars.com\/tbt\/intro\/\" \/>\n<meta property=\"og:site_name\" content=\"the beloved truths\" \/>\n<meta property=\"article:modified_time\" content=\"2014-05-12T11:56:12+00:00\" \/>\n<meta name=\"twitter:label1\" content=\"Tiempo de lectura\" \/>\n\t<meta name=\"twitter:data1\" content=\"1 minuto\" \/>\n<script type=\"application\/ld+json\" class=\"yoast-schema-graph\">{\"@context\":\"https:\/\/schema.org\",\"@graph\":[{\"@type\":\"WebPage\",\"@id\":\"https:\/\/hangingstars.com\/tbt\/intro\/\",\"url\":\"https:\/\/hangingstars.com\/tbt\/intro\/\",\"name\":\"intro - the beloved truths\",\"isPartOf\":{\"@id\":\"https:\/\/hangingstars.com\/tbt\/#website\"},\"datePublished\":\"2002-01-11T11:45:11+00:00\",\"dateModified\":\"2014-05-12T11:56:12+00:00\",\"breadcrumb\":{\"@id\":\"https:\/\/hangingstars.com\/tbt\/intro\/#breadcrumb\"},\"inLanguage\":\"es\",\"potentialAction\":[{\"@type\":\"ReadAction\",\"target\":[\"https:\/\/hangingstars.com\/tbt\/intro\/\"]}]},{\"@type\":\"BreadcrumbList\",\"@id\":\"https:\/\/hangingstars.com\/tbt\/intro\/#breadcrumb\",\"itemListElement\":[{\"@type\":\"ListItem\",\"position\":1,\"name\":\"Home\",\"item\":\"https:\/\/hangingstars.com\/tbt\/\"},{\"@type\":\"ListItem\",\"position\":2,\"name\":\"intro\"}]},{\"@type\":\"WebSite\",\"@id\":\"https:\/\/hangingstars.com\/tbt\/#website\",\"url\":\"https:\/\/hangingstars.com\/tbt\/\",\"name\":\"the beloved truths\",\"description\":\"off with the horns... on with the show...\",\"potentialAction\":[{\"@type\":\"SearchAction\",\"target\":{\"@type\":\"EntryPoint\",\"urlTemplate\":\"https:\/\/hangingstars.com\/tbt\/?s={search_term_string}\"},\"query-input\":{\"@type\":\"PropertyValueSpecification\",\"valueRequired\":true,\"valueName\":\"search_term_string\"}}],\"inLanguage\":\"es\"}]}<\/script>\n<!-- \/ Yoast SEO plugin. -->","yoast_head_json":{"title":"intro - the beloved truths","robots":{"index":"index","follow":"follow","max-snippet":"max-snippet:-1","max-image-preview":"max-image-preview:large","max-video-preview":"max-video-preview:-1"},"canonical":"https:\/\/hangingstars.com\/tbt\/intro\/","og_locale":"es_ES","og_type":"article","og_title":"intro - the beloved truths","og_description":"Se abre el tel\u00f3n. El p\u00fablico acaba de ocupar sus asientos y se dispone a disfrutar de la actuaci\u00f3n. Un gran foco ilumina el escenario. De pronto aparezco yo, me quito el sombrero hago esa reverencia que tantas veces he ensayado y empiezo el discurso: &#8211; Damas y caballeros, bienvenidos a the beloved truths. Si [&hellip;]","og_url":"https:\/\/hangingstars.com\/tbt\/intro\/","og_site_name":"the beloved truths","article_modified_time":"2014-05-12T11:56:12+00:00","twitter_misc":{"Tiempo de lectura":"1 minuto"},"schema":{"@context":"https:\/\/schema.org","@graph":[{"@type":"WebPage","@id":"https:\/\/hangingstars.com\/tbt\/intro\/","url":"https:\/\/hangingstars.com\/tbt\/intro\/","name":"intro - the beloved truths","isPartOf":{"@id":"https:\/\/hangingstars.com\/tbt\/#website"},"datePublished":"2002-01-11T11:45:11+00:00","dateModified":"2014-05-12T11:56:12+00:00","breadcrumb":{"@id":"https:\/\/hangingstars.com\/tbt\/intro\/#breadcrumb"},"inLanguage":"es","potentialAction":[{"@type":"ReadAction","target":["https:\/\/hangingstars.com\/tbt\/intro\/"]}]},{"@type":"BreadcrumbList","@id":"https:\/\/hangingstars.com\/tbt\/intro\/#breadcrumb","itemListElement":[{"@type":"ListItem","position":1,"name":"Home","item":"https:\/\/hangingstars.com\/tbt\/"},{"@type":"ListItem","position":2,"name":"intro"}]},{"@type":"WebSite","@id":"https:\/\/hangingstars.com\/tbt\/#website","url":"https:\/\/hangingstars.com\/tbt\/","name":"the beloved truths","description":"off with the horns... on with the show...","potentialAction":[{"@type":"SearchAction","target":{"@type":"EntryPoint","urlTemplate":"https:\/\/hangingstars.com\/tbt\/?s={search_term_string}"},"query-input":{"@type":"PropertyValueSpecification","valueRequired":true,"valueName":"search_term_string"}}],"inLanguage":"es"}]}},"_links":{"self":[{"href":"https:\/\/hangingstars.com\/tbt\/wp-json\/wp\/v2\/pages\/395","targetHints":{"allow":["GET"]}}],"collection":[{"href":"https:\/\/hangingstars.com\/tbt\/wp-json\/wp\/v2\/pages"}],"about":[{"href":"https:\/\/hangingstars.com\/tbt\/wp-json\/wp\/v2\/types\/page"}],"author":[{"embeddable":true,"href":"https:\/\/hangingstars.com\/tbt\/wp-json\/wp\/v2\/users\/1"}],"replies":[{"embeddable":true,"href":"https:\/\/hangingstars.com\/tbt\/wp-json\/wp\/v2\/comments?post=395"}],"version-history":[{"count":1,"href":"https:\/\/hangingstars.com\/tbt\/wp-json\/wp\/v2\/pages\/395\/revisions"}],"predecessor-version":[{"id":1655,"href":"https:\/\/hangingstars.com\/tbt\/wp-json\/wp\/v2\/pages\/395\/revisions\/1655"}],"wp:attachment":[{"href":"https:\/\/hangingstars.com\/tbt\/wp-json\/wp\/v2\/media?parent=395"}],"curies":[{"name":"wp","href":"https:\/\/api.w.org\/{rel}","templated":true}]}}